{"id":78,"date":"2022-08-10T11:07:31","date_gmt":"2022-08-10T09:07:31","guid":{"rendered":"https:\/\/wordpress.vecurosoft.com\/techbiz\/?page_id=78"},"modified":"2024-09-26T12:14:21","modified_gmt":"2024-09-26T12:14:21","slug":"team","status":"publish","type":"page","link":"https:\/\/medlabni.com\/?page_id=78","title":{"rendered":"Team"},"content":{"rendered":"\t\t<div data-elementor-type=\"wp-page\" data-elementor-id=\"78\" class=\"elementor elementor-78\">\n\t\t\t\t\t\t<section class=\"elementor-section elementor-top-section elementor-element elementor-element-aa2c652 elementor-section-full_width elementor-section-height-default elementor-section-height-default\" data-id=\"aa2c652\" data-element_type=\"section\" data-e-type=\"section\">\n\t\t\t\t\t\t<div class=\"elementor-container elementor-column-gap-no\">\n\t\t\t\t\t<div class=\"elementor-column elementor-col-100 elementor-top-column elementor-element elementor-element-172f038\" data-id=\"172f038\" data-element_type=\"column\" data-e-type=\"column\">\n\t\t\t<div class=\"elementor-widget-wrap elementor-element-populated\">\n\t\t\t\t\t\t<section class=\"elementor-section elementor-inner-section elementor-element elementor-element-289cb9e elementor-section-full_width elementor-section-height-default elementor-section-height-default\" data-id=\"289cb9e\" data-element_type=\"section\" data-e-type=\"section\">\n\t\t\t\t\t\t<div class=\"elementor-container elementor-column-gap-no\">\n\t\t\t\t\t<div class=\"elementor-column elementor-col-100 elementor-inner-column elementor-element elementor-element-7c36cdc\" data-id=\"7c36cdc\" data-element_type=\"column\" data-e-type=\"column\">\n\t\t\t<div class=\"elementor-widget-wrap elementor-element-populated\">\n\t\t\t\t\t\t<div class=\"elementor-element elementor-element-7d89545 elementor-widget elementor-widget-techbizteammember\" data-id=\"7d89545\" data-element_type=\"widget\" data-e-type=\"widget\" data-widget_type=\"techbizteammember.default\">\n\t\t\t\t<div class=\"elementor-widget-container\">\n\t\t\t\t\t<section class=\"vs-team-wrapper\"><div class=\"container\"><div class=\"row\" data-slick-arrows=\"false\" data-slick-autoplay=\"false\" data-slide-to-show=\"4\"><div class=\"col-md-6 col-lg-4 col-xl-3 \"><div class=\"team-style1 \"><div class=\"team-img\"><a  href=\"https:\/\/wordpress.vecurosoft.com\/techbiz\/team-details\/\"><img decoding=\"async\" src=\"https:\/\/medlabni.com\/wp-content\/uploads\/2024\/09\/SlikaDraganJankovic.png\" alt=\"SlikaDraganJankovic\"  \/><\/a><div class=\"team-social\"><a  target=\"_blank\" rel=\"nofollow\" href=\"http:\/\/www.facebook.com\"><i class=\"fab fa-facebook-f\"><\/i><\/a><a  target=\"_blank\" rel=\"nofollow\" href=\"http:\/\/www.twitter.com\"><i class=\"fab fa-twitter\"><\/i><\/a><a  target=\"_blank\" rel=\"nofollow\" href=\"http:\/\/www.instagram.com\"><i class=\"fab fa-instagram\"><\/i><\/a><a  target=\"_blank\" rel=\"nofollow\" href=\"http:\/\/www.linkedin.com\"><i class=\"fab fa-linkedin-in\"><\/i><\/a><a  target=\"_blank\" rel=\"nofollow\" href=\"http:\/\/www.dribble.com\"><i class=\"fab fa-dribbble\"><\/i><\/a><\/div><\/div><div class=\"team-content\"><h3 class=\"team-title\"><a class=\"text-inherit\"  href=\"https:\/\/wordpress.vecurosoft.com\/techbiz\/team-details\/\">Prof. Dr. Dragan Jankovi\u0107<\/a><\/h3><p class=\"team-degi\">Head of Laboratory<\/p><\/div><\/div><\/div><div class=\"col-md-6 col-lg-4 col-xl-3 \"><div class=\"team-style1 \"><div class=\"team-img\"><a  href=\"https:\/\/wordpress.vecurosoft.com\/techbiz\/team-details\/\"><img decoding=\"async\" src=\"https:\/\/medlabni.com\/wp-content\/uploads\/2024\/09\/SlikaAleksandarMilenkovic.jpg\" alt=\"SlikaAleksandarMilenkovic\"  \/><\/a><div class=\"team-social\"><a  target=\"_blank\" rel=\"nofollow\" href=\"http:\/\/www.facebook.com\"><i class=\"fab fa-facebook-f\"><\/i><\/a><a  target=\"_blank\" rel=\"nofollow\" href=\"http:\/\/www.twitter.com\"><i class=\"fab fa-twitter\"><\/i><\/a><a  target=\"_blank\" rel=\"nofollow\" href=\"http:\/\/www.instagram.com\"><i class=\"fab fa-instagram\"><\/i><\/a><a  target=\"_blank\" rel=\"nofollow\" href=\"http:\/\/www.linkedin.com\"><i class=\"fab fa-linkedin-in\"><\/i><\/a><a  target=\"_blank\" rel=\"nofollow\" href=\"http:\/\/www.dribble.com\"><i class=\"fab fa-dribbble\"><\/i><\/a><\/div><\/div><div class=\"team-content\"><h3 class=\"team-title\"><a class=\"text-inherit\"  href=\"https:\/\/wordpress.vecurosoft.com\/techbiz\/team-details\/\">Dr. Aleksandar Milenkovi\u0107<\/a><\/h3><p class=\"team-degi\">Assistant professor<\/p><\/div><\/div><\/div><div class=\"col-md-6 col-lg-4 col-xl-3 \"><div class=\"team-style1 \"><div class=\"team-img\"><a  href=\"https:\/\/wordpress.vecurosoft.com\/techbiz\/team-details\/\"><img decoding=\"async\" src=\"https:\/\/medlabni.com\/wp-content\/uploads\/2024\/09\/SlikaAleksandarVeljanovski.jpg\" alt=\"SlikaAleksandarVeljanovski\"  \/><\/a><div class=\"team-social\"><a  target=\"_blank\" rel=\"nofollow\" href=\"http:\/\/www.facebook.com\"><i class=\"fab fa-facebook-f\"><\/i><\/a><a  target=\"_blank\" rel=\"nofollow\" href=\"http:\/\/www.twitter.com\"><i class=\"fab fa-twitter\"><\/i><\/a><a  target=\"_blank\" rel=\"nofollow\" href=\"http:\/\/www.instagram.com\"><i class=\"fab fa-instagram\"><\/i><\/a><a  target=\"_blank\" rel=\"nofollow\" href=\"http:\/\/www.linkedin.com\"><i class=\"fab fa-linkedin-in\"><\/i><\/a><a  target=\"_blank\" rel=\"nofollow\" href=\"http:\/\/www.dribble.com\"><i class=\"fab fa-dribbble\"><\/i><\/a><\/div><\/div><div class=\"team-content\"><h3 class=\"team-title\"><a class=\"text-inherit\"  href=\"https:\/\/wordpress.vecurosoft.com\/techbiz\/team-details\/\">M.Sc. Aleksandar Veljanovski<\/a><\/h3><p class=\"team-degi\">Assistant<\/p><\/div><\/div><\/div><div class=\"col-md-6 col-lg-4 col-xl-3 \"><div class=\"team-style1 \"><div class=\"team-img\"><a  href=\"https:\/\/wordpress.vecurosoft.com\/techbiz\/team-details\/\"><img decoding=\"async\" src=\"https:\/\/medlabni.com\/wp-content\/uploads\/2024\/09\/SlikaMarijaVeljanovski.jpg\" alt=\"SlikaMarijaVeljanovski\"  \/><\/a><div class=\"team-social\"><a  target=\"_blank\" rel=\"nofollow\" href=\"http:\/\/www.facebook.com\"><i class=\"fab fa-facebook-f\"><\/i><\/a><a  target=\"_blank\" rel=\"nofollow\" href=\"http:\/\/www.twitter.com\"><i class=\"fab fa-twitter\"><\/i><\/a><a  target=\"_blank\" rel=\"nofollow\" href=\"http:\/\/www.instagram.com\"><i class=\"fab fa-instagram\"><\/i><\/a><a  target=\"_blank\" rel=\"nofollow\" href=\"http:\/\/www.linkedin.com\"><i class=\"fab fa-linkedin-in\"><\/i><\/a><a  target=\"_blank\" rel=\"nofollow\" href=\"http:\/\/www.dribble.com\"><i class=\"fab fa-dribbble\"><\/i><\/a><\/div><\/div><div class=\"team-content\"><h3 class=\"team-title\"><a class=\"text-inherit\"  href=\"https:\/\/wordpress.vecurosoft.com\/techbiz\/team-details\/\">M.Sc. Marija Veljanovski<\/a><\/h3><p class=\"team-degi\">Assistant<\/p><\/div><\/div><\/div><div class=\"col-md-6 col-lg-4 col-xl-3 \"><div class=\"team-style1 \"><div class=\"team-img\"><a  href=\"https:\/\/wordpress.vecurosoft.com\/techbiz\/team-details\/\"><img decoding=\"async\" src=\"https:\/\/medlabni.com\/wp-content\/uploads\/2024\/09\/SlikaAndjelijaDjordjevic.jpg\" alt=\"SlikaAndjelijaDjordjevic\"  \/><\/a><div class=\"team-social\"><a  target=\"_blank\" rel=\"nofollow\" href=\"http:\/\/www.facebook.com\"><i class=\"fab fa-facebook-f\"><\/i><\/a><a  target=\"_blank\" rel=\"nofollow\" href=\"http:\/\/www.twitter.com\"><i class=\"fab fa-twitter\"><\/i><\/a><a  target=\"_blank\" rel=\"nofollow\" href=\"http:\/\/www.instagram.com\"><i class=\"fab fa-instagram\"><\/i><\/a><a  target=\"_blank\" rel=\"nofollow\" href=\"http:\/\/www.linkedin.com\"><i class=\"fab fa-linkedin-in\"><\/i><\/a><a  target=\"_blank\" rel=\"nofollow\" href=\"http:\/\/www.dribble.com\"><i class=\"fab fa-dribbble\"><\/i><\/a><\/div><\/div><div class=\"team-content\"><h3 class=\"team-title\"><a class=\"text-inherit\"  href=\"https:\/\/wordpress.vecurosoft.com\/techbiz\/team-details\/\">M.Sc. Andjelija Djordjevi\u0107<\/a><\/h3><p class=\"team-degi\">Assistant<\/p><\/div><\/div><\/div><div class=\"col-md-6 col-lg-4 col-xl-3 \"><div class=\"team-style1 \"><div class=\"team-img\"><a  href=\"https:\/\/wordpress.vecurosoft.com\/techbiz\/team-details\/\"><img decoding=\"async\" src=\"https:\/\/medlabni.com\/wp-content\/uploads\/2024\/09\/SlikaDjordjeCikic.jpg\" alt=\"SlikaDjordjeCikic\"  \/><\/a><div class=\"team-social\"><a  target=\"_blank\" rel=\"nofollow\" href=\"http:\/\/www.facebook.com\"><i class=\"fab fa-facebook-f\"><\/i><\/a><a  target=\"_blank\" rel=\"nofollow\" href=\"http:\/\/www.twitter.com\"><i class=\"fab fa-twitter\"><\/i><\/a><a  target=\"_blank\" rel=\"nofollow\" href=\"http:\/\/www.instagram.com\"><i class=\"fab fa-instagram\"><\/i><\/a><a  target=\"_blank\" rel=\"nofollow\" href=\"http:\/\/www.linkedin.com\"><i class=\"fab fa-linkedin-in\"><\/i><\/a><a  target=\"_blank\" rel=\"nofollow\" href=\"http:\/\/www.dribble.com\"><i class=\"fab fa-dribbble\"><\/i><\/a><\/div><\/div><div class=\"team-content\"><h3 class=\"team-title\"><a class=\"text-inherit\"  href=\"https:\/\/wordpress.vecurosoft.com\/techbiz\/team-details\/\">M.Sc. Djordje \u010ciki\u0107<\/a><\/h3><p class=\"team-degi\">Assistant<\/p><\/div><\/div><\/div><div class=\"col-md-6 col-lg-4 col-xl-3 \"><div class=\"team-style1 \"><div class=\"team-img\"><a  href=\"https:\/\/wordpress.vecurosoft.com\/techbiz\/team-details\/\"><img decoding=\"async\" src=\"https:\/\/medlabni.com\/wp-content\/uploads\/2024\/09\/SlikaTatjanaStankovic.png\" alt=\"SlikaTatjanaStankovic\"  \/><\/a><div class=\"team-social\"><a  target=\"_blank\" rel=\"nofollow\" href=\"http:\/\/www.facebook.com\"><i class=\"fab fa-facebook-f\"><\/i><\/a><a  target=\"_blank\" rel=\"nofollow\" href=\"http:\/\/www.twitter.com\"><i class=\"fab fa-twitter\"><\/i><\/a><a  target=\"_blank\" rel=\"nofollow\" href=\"http:\/\/www.instagram.com\"><i class=\"fab fa-instagram\"><\/i><\/a><a  target=\"_blank\" rel=\"nofollow\" href=\"http:\/\/www.linkedin.com\"><i class=\"fab fa-linkedin-in\"><\/i><\/a><a  target=\"_blank\" rel=\"nofollow\" href=\"http:\/\/www.dribble.com\"><i class=\"fab fa-dribbble\"><\/i><\/a><\/div><\/div><div class=\"team-content\"><h3 class=\"team-title\"><a class=\"text-inherit\"  href=\"https:\/\/wordpress.vecurosoft.com\/techbiz\/team-details\/\">M.Sc. Tatjana Stankovi\u0107<\/a><\/h3><p class=\"team-degi\">DB administrator<\/p><\/div><\/div><\/div><div class=\"col-md-6 col-lg-4 col-xl-3 \"><div class=\"team-style1 \"><div class=\"team-img\"><a  href=\"https:\/\/wordpress.vecurosoft.com\/techbiz\/team-details\/\"><img decoding=\"async\" src=\"https:\/\/medlabni.com\/wp-content\/uploads\/2024\/09\/DusanVuckovic.png\" alt=\"DusanVuckovic\"  \/><\/a><div class=\"team-social\"><a  target=\"_blank\" rel=\"nofollow\" href=\"http:\/\/www.facebook.com\"><i class=\"fab fa-facebook-f\"><\/i><\/a><a  target=\"_blank\" rel=\"nofollow\" href=\"http:\/\/www.twitter.com\"><i class=\"fab fa-twitter\"><\/i><\/a><a  target=\"_blank\" rel=\"nofollow\" href=\"http:\/\/www.instagram.com\"><i class=\"fab fa-instagram\"><\/i><\/a><a  target=\"_blank\" rel=\"nofollow\" href=\"http:\/\/www.linkedin.com\"><i class=\"fab fa-linkedin-in\"><\/i><\/a><a  target=\"_blank\" rel=\"nofollow\" href=\"http:\/\/www.dribble.com\"><i class=\"fab fa-dribbble\"><\/i><\/a><\/div><\/div><div class=\"team-content\"><h3 class=\"team-title\"><a class=\"text-inherit\"  href=\"https:\/\/wordpress.vecurosoft.com\/techbiz\/team-details\/\">M.Sc. Du\u0161an Vu\u010dkovi\u0107<\/a><\/h3><p class=\"team-degi\">Head of  the Computer Center<\/p><\/div><\/div><\/div><\/div><\/div><\/section>\t\t\t\t<\/div>\n\t\t\t\t<\/div>\n\t\t\t\t\t<\/div>\n\t\t<\/div>\n\t\t\t\t\t<\/div>\n\t\t<\/section>\n\t\t\t\t\t<\/div>\n\t\t<\/div>\n\t\t\t\t\t<\/div>\n\t\t<\/section>\n\t\t\t\t<\/div>\n\t\t","protected":false},"excerpt":{"rendered":"<p>Prof. Dr. Dragan Jankovi? Head of Laboratory Dr. Aleksandar Milenkovi? Assistant professor M.Sc. Aleksandar Veljanovski Assistant M.Sc. Marija Veljanovski Assistant M.Sc. Andjelija Djordjevi? Assistant M.Sc. Djordje ?iki? Assistant M.Sc. Tatjana Stankovi? DB administrator M.Sc. Du\u0161an Vu?kovi? Head of the Computer Center<\/p>\n","protected":false},"author":1001002,"featured_media":0,"parent":0,"menu_order":0,"comment_status":"closed","ping_status":"closed","template":"template-builder.php","meta":{"footnotes":""},"class_list":["post-78","page","type-page","status-publish","hentry"],"jetpack_sharing_enabled":true,"_links":{"self":[{"href":"https:\/\/medlabni.com\/index.php?rest_route=\/wp\/v2\/pages\/78"}],"collection":[{"href":"https:\/\/medlabni.com\/index.php?rest_route=\/wp\/v2\/pages"}],"about":[{"href":"https:\/\/medlabni.com\/index.php?rest_route=\/wp\/v2\/types\/page"}],"author":[{"embeddable":true,"href":"https:\/\/medlabni.com\/index.php?rest_route=\/wp\/v2\/users\/1001002"}],"replies":[{"embeddable":true,"href":"https:\/\/medlabni.com\/index.php?rest_route=%2Fwp%2Fv2%2Fcomments&post=78"}],"version-history":[{"count":3,"href":"https:\/\/medlabni.com\/index.php?rest_route=\/wp\/v2\/pages\/78\/revisions"}],"predecessor-version":[{"id":12595,"href":"https:\/\/medlabni.com\/index.php?rest_route=\/wp\/v2\/pages\/78\/revisions\/12595"}],"wp:attachment":[{"href":"https:\/\/medlabni.com\/index.php?rest_route=%2Fwp%2Fv2%2Fmedia&parent=78"}],"curies":[{"name":"wp","href":"https:\/\/api.w.org\/{rel}","templated":true}]}}