{"id":20,"date":"2011-08-25T08:56:36","date_gmt":"2011-08-25T08:56:36","guid":{"rendered":"http:\/\/medlabni.com\/?page_id=20"},"modified":"2011-08-25T08:56:36","modified_gmt":"2011-08-25T08:56:36","slug":"research-results","status":"publish","type":"page","link":"https:\/\/medlabni.com\/?page_id=20","title":{"rendered":"Research results"},"content":{"rendered":"<div>\n<p><a href=\"http:\/\/medisnet.elfak.ni.ac.rs\/node\/?q=node\/5\"><strong>References related to the project:<\/strong><\/a><\/p>\n<p>1. Tatjana Stankovi?, Milan Stankovi?, Dragan Jankovi?, \u201ePlatform Independant \u2013 Information System Dependant Database Replication\u201d, XLIII International Scientific Conference on Information, Communication and Energy Systems and Technologies ICEST, Ni\u0161 2008, s. 415-418.<\/p>\n<p>2. Milan Pavlovi?, Neboj\u0161a Mileti?, Vesna Smiljkovi?, Dragan Jankovi?, \u201eIzbornik \u2013 softverski sistem za prikupljanje, obradu i prikaz izbornih rezultata u realnom vremenu\u201c, 52. Konferencija ETRAN-a, Pali? 2008, RT4.5. , 1-4<\/p>\n<p>3. Dragan Jankovi?, Petar Rajkovi?, Du\u0161an Vu?kovi?, \u201eIntegracija i kolaboracija medicinskih informacionih sistema\u201c, XII e-Gavernment Konf. ISDOS 2008, Novi Sad.<\/p>\n<p>4. Dragan Jankovi?, Petar Rajkovi?, Du\u0161an Vu?kovi?, Tatjana Stankovi?, Stevica Cvetkovi?, \u201ePrimena novih tehnologija u realizaciji informacionih sistema zdravstvenih ustanova\u201c, 41. Pedijatrijski dani Srbije, Ni\u0161, 2008.<\/p>\n<p>5. Dragan Jankovi?,\u201cMetode za izra?unavanje spektara diskretnih transfromacija ?ije transformacione matrice imaju Kroneckerovsku strukturu\u201c, 52. Konferencija ETRAN-a, Pali? 2008, RT8.7., 1-4<\/p>\n<p>6. Dragan Jankovi?, Du\u0161an Vu?kovi?, \u201eE-Learning, pojam, primena i iskustva\u201c, Sajam informacionih tehnologija, Zrenjanin, 9-11. decembar 2008.<\/p>\n<p>7. Dragan Jankovi?, Radomir S. Stankovi?, Klaudio Moraga, \u201eOptimization of Polynomial Expressions by using the Extended Dual Polarity\u201c, IEEE Transaction on Computers (prihva?eno za objavljivanje).<\/p>\n<p>8. Petar Rajkovi?, Vladan Vu?kovi?, \u201eOsnovni elementi heuristi?ke evaluacione funkcije\u201c, Zbornik radova 52. konf. za elektroniku, telekomunikacije, kompjutere, automatiku i nuklearnu tehniku (ETRAN), Pali?, 8-12. juna 2008, VI2.4-1-4.<\/p>\n<p>9. Ivica Markovi?, Branimir T. Todorovi?, \u201eSequential Training of Support Vector Machine&#8221;, Proc. NEUREL 2008, 25-27 septembar, ETF Beograd. 37-42.<\/p>\n<p>10. Branimir T. Todorovi?, Svetozar R. Ran?i?, Ivica M. Markovi?, Edin H. Mulali?, Velimir M. Ili?, \u201eNamed Entity Recognition and Classification using Context Hidden Markov Model\u201c, Proc. NEUREL 2008, 25-27 septembar, Beograd, 42-46.<\/p>\n<p>11. Bojko Bjelakovi?, Ljiljana Pej?i?, Vojislav<br \/>\nParezanovi?, \u201eVomiting as the initial clinical presentation of myocardial infarction in children with anomalous left coronary artery from the pulmonary trunk\u201c, Turk J Pediatr. 2008 Sep-Oct; 50(5):476-9.<\/p>\n<p>12. Miroslava \u017divkovi?, \u201eFibrinoliticki tretman kod akutnih infarkta zadnje cirkulacije\u201c-uvodno predavanje, VII-XIII Kongres neurologa Srbije sa me?unarodnim u?e\u0161?em, Kragujevac, 11-14 Septembar 2008: 46.<\/p>\n<p>13. Miroslava \u017divkovi?, \u201eMaligni infarkti u slivu arterije cerebri medije\u201c &#8211; uvodno predavanje.VII-XIII Kongres neurologa Srbije sa me?unarodnim u?e\u0161?em, Kragujevac, 11-14 Septembar 2008: 110.<\/p>\n<p>14. Gordana ?or?evi?, Stojanka ?uri?, Slobodan Apostolski, Vidosava ?or?evi?, Miroslava \u017divkovi?, \u201eTotal antioxidant blood capacity in patients with type 2 diabetes mellitus and distal symmetrical polyneuropathy\u201c, Vojnosanitetski Pregled. 2008 Sep; 65(9):663-9.<\/p>\n<p>15. Stojanka ?uri?, Miroslava \u017divkovi?, Vuk Milosevi?, Jelena Stamenovi?, Gordana Djordjevi?, Marina Joli?, \u201eDiagnostic value of neurophysiological tests in the diagnosis of brain death \u2013 do we need changes in national guidelines\u201c, Reviews in Neuroscience, u \u0161tampi.<\/p>\n<p>16. Sini\u0161a Risti?, Gordana ?or?evi?, Miroslava \u017divkovi?, \u201eProfile of patients with epileptic seizures caused by stroke\u201c, Europian Journal of Neurology, 2008;15 (suppl.3):93<\/p>\n<p>17. Gordana ?or?evi?, Stojanka ?uri?, Miroslava \u017divkovi?, Sini\u0161a.Risti?, \u201cOxidative stress in pathogenesis of diabetic neurophathy &#8211; correlation between eritrocyte superoxide dismutase level and periferal nerve conduction parameters in diabetic neuropathy patients Europian Journal of Neurology\u201c, 2008;15 (suppl.3):165.<\/p>\n<p>18. Nikola Vuka\u0161inovi?, Srboljub Joli?, Miroslava \u017divkovi?, Gordana ?or?evi?, \u201eIntravenous tissue-type plazminogen activator therapy for ischemic stroke: Expirience from the Nis stroke unit\u201c, Europian Journal of Neurology, 2008;15 (suppl.3):268.<\/p>\n<p>19. Nikola Vuka\u0161inovi?, Srboljub Joli?, Miroslava \u017divkovi?, Ana Pra\u017ei?, Vuk Milo\u0161evi?, Stojanka ?uri?, Predrag Bo\u0161njakovi?, Zoran Radovanovi?, \u201eIntravenous tissue \u2013 type plasminogen activator therapy for ischemic stroke: Nis stroke team experience\u201c, Xth International Symposium on Thrombolysis and Acute Stroke Therapy, 21-23 September 2008, Budapest, Hungary, International Journal of Stroke, Vol.3, Suppl.1, September 2008.<\/p>\n<p>20. Nikola Vuka\u0161inovi?, Srboljub Joli?, Miroslava \u017divkovi?, Ana Pra\u017ei?, Ljiljana Milenkovi?, \u201eIntravenous tissue \u2013 type plasminogen activator therapy for ischemic stroke: Nis Stroke team experience after two years (2006-2008)\u201c, VII-XIII Kongres neurologa Srbije sa me?unarodnim u?e\u0161?em, Kragujevac, 11-14 Septembar 2008:53<\/p>\n<p>21. Nikola Vuka\u0161inovi?, Srboljub Joli?, Miroslava \u017divkovi?, Ana Pra\u017ei?, Ljiljana Milenkovi?, \u201eFibrinoliticki tretman kod tromboze bazilarne arterije\u201c, VII-XIII Kongres neurologa Srbije sa me?unarodnim u?e\u0161?em, Kragujevac, 11-14 Septembar 2008:35<\/p>\n<p>22. Nikola Vuka\u0161inovi?, Srboljub Joli?, Miroslava \u017divkovi?, Ana Pra\u017ei?, Ljiljana Milenkovi?, \u201cFibrinoliticki tretman kod pacijenta sa ishemijskim mozdanim udarom izazvanim mutacijom MTHFR C677T faktora\u201d, VII-XIII Kongres neurologa Srbije sa me?unarodnim u?e\u0161?em, Kragujevac, 11-14 Septembar 2008:64<\/p>\n<p>23. Dragan Jankovi?, Tatjana Stankovi?, \u201cSoftware engineering education and outsourcing\u201d, WORKSHOP-DURRES, 8-13 Septembar 2008.<\/p>\n<p>24. Stevica Cvetkovi?, Dragan Jankovi?, Tatjana Stankovi?, \u201cObjektno modeliranje relacionih baza podataka\u201d INFOTEH-JAHORINA Vol. 8, Ref. E-V-5, s. 710-713, Mart 2009.<\/p>\n<p>25. Nikola Radosavljevi?, Stevica Cvetkovi?, Dragan Jankovi?, Tatjana Stankovi?, \u201eXML2SQL \u2013 Alat za uvoz XML podataka u relacionu bazu\u201c INFOTEH-JAHORINA Vol. 8, Ref. E-V-6, s. 714-717, Mart 2009.<\/p>\n<p>26. Srebrenko Pe\u0161i?, Tatjana Stankovi?, Dragan Jankovi?, \u201ePrednosti kori\u0161?enja OLAP-a u analizi podataka u zdravstvenim informacionim sistemima u odnosu na relacione baze podataka\u201d, INFOTEH-JAHORINA Vol. 8, Ref. E-VI-5, s. 751-755, Mart 2009.<\/p>\n<p>27. Jankovi? Dragan, Stankovi? Radomir, Moraga Claudio, &#8220;Optimization of Polynomial Expressions by using the Extended Dual Polarity&#8221;, IEEE Transactions on Computers, Vol. 58, Broj. 12, 2009, pp. 1710-1725 ISSN: 0018-9340<\/p>\n<p>28. ?uri? Valentina, Milo\u0161evi? Vuk, \u017divkovi? Miroslava, Stamenovi? Jelena, ?or?evi? Gordana, Joli? Marina, Miljkovi? Srba, ?uri? Slobodanka, &#8220;Diagnostic Value of Neurophysiological Tests in the Brain Death &#8211; Do we need changes in national guidelines?&#8221; Reviews in the neurosciences, 2009, broj 3 &#8211; 4, s. 181 &#8211; 186, ISSN: 0334-1763<\/p>\n<p>29. Jovanovi? D, Besla?-Bumba\u0161irevi? Lj, Budimki? M, \u017divkovi? M, Kosti? V, Pekmezovi? T, &#8220;Do women benefit more from systemic thrombolysis in acute ischemic stroke? A Serbian experience with thrombolysis in ischemic stroke (SETIS) study&#8221; Clinical neurology and neurosurgery, broj 9, s. 729 &#8211; 732, ISSN: S0303-8467(09)00155-3<\/p>\n<p>30. Pe\u0161i? Srebrenko, Stankovi? Tatjana, Jankovi? Dragan, &#8220;Benefits of Using OLAP Versus RDBMS for Data Analyse in Health Care Information Systems&#8221;, Electronics (Banja Luka), 2009, broj 2, s. 56 &#8211; 62<\/p>\n<p>31. Rajkovi? Petar, &#8220;Aspekti realizacije i integracije medicinskih informacionih sistema&#8221;, 27.04.2009, NIO odbrane: Elektronski fakultet u Ni\u0161u, broj strana: 173, mentor: prof. dr Dragan Jankovi?, odbranjen magistarski rad<\/p>\n<p>32. Cvetkovi? Stevica, Jankovi? Dragan, &#8220;Softverski modul za zakazivanje pregleda kao sastavni deo medicinskog informaciong sistema&#8221;, 53. Konferencija za elektroniku, telekomunikacije, ra?unarstvo, automatiku i nuklearnu tehniku (ETRAN), Vrnja?ka Banja, 2009, ISSN: 978-86-80509-64-8<\/p>\n<p>33. Rajkovi? Petar, Jankovi? Dragan, Stankovi? Tatjana, &#8220;Custom Made Medical Data Reporting Tool&#8221;, 9Th International Conference On Telecommunication In Modern Satellite, Cable And Broadcasting Services, Srbija, Ni\u0161, 2009, s. 306 &#8211; 309, ISSN: 9781424443819<\/p>\n<p>34. Rajkovi? Petar, Jankovi? Dragan, Stankovi? Tatjana, &#8220;An e-Health Solution for Ambulatory Facilities&#8221;, 9th International Conference on Information Technology and Applications in Biomedicine, ITAB 2009, Kipar, Larnaca, 2009, vol. 1, p. 1.5.1.1 &#8211; 1.5.1.4, ISSN: 978-1-4244-5379-5<\/p>\n<p>35. Stankovi? Tatjana, Jankovi? Dragan, Pe\u0161i? Srebrenko, &#8220;Resolving Database Replication Conflicts in the Health Care Information System Project Early Phase&#8221;, 9th International Conference on Telecommunications in Modern Satellite, Cable and Broadcasting Services &#8211; TELSIKS 2009, 2009, Ni\u0161, publikacija: IEEE Catalogue number: CFP09488-PRT, vol. 2, p. 487 &#8211; 490, ISSN: 9781424443819<\/p>\n<p>36. Markovi? Ivica, Pe\u0161i? Srebrenko, Jankovi? Dragan, &#8220;Using XAML in Representation of Dental Charts in Electronic Health Record &#8220;, ICT Innovations 09, Makedonija, Ohrid, 2009, publikacija: ICT Innovations 2009, Springer Berlin Heidelberg, urednici: Danco Davcev, Jorge Marx G\u00f3mez, p. 247 &#8211; 256, ISBN: 978-3-642-10780-1<\/p>\n<p>37. Rajkovi? Petar, Jankovi? Dragan, To\u0161i? Vladimir,&#8221;A Software Solution for Ambulatory Healthcare Facilities in the Republic of Serbia&#8221;, 11th International Conference on e-Health Networking, Application &amp; Services \u2013 HealthCom2009, Australia, Sydney, 2009, p. 161 &#8211; 168, ISSN: 978-1-4244-5014-5<\/p>\n<p>38. Markovi? Ivica, Jankovi? Dragan, Cvetkovi? Stevica, &#8220;Implementacija elektronskog stomatolo\u0161kog kartona u medicinskom informacionom sistemu&#8221;, INFOTEH-JAHORINA 2010, vol. 9, p. 919 &#8211; 923, ISBN: 99938-624-2-8<\/p>\n<p>39. Stankovi? Tatjana, Jankovi? Dragan, Milenkovi? Aleksandar, &#8220;Kako pobediti (umanjiti) otpor korisnika kod projektovanja i uvo?enja informacionog sistema u zdravstvu&#8221;, YU INFO 2010, Kopaonik, CD zbornik, ISBN: 978-86-85525-05<\/p>\n<p>40. Stankovi? Tatjana, Rajkovi? Petar, Milenkovi? Aleksandar, Jankovi? Dragan, &#8220;From optional talk to medical information system&#8221;, Nau?no-stru?ni simpozijum INFOTEH-JAHORINA 2010, Republika Srpska, Jahorina, vol. 9, p. 889 &#8211; 893, ISBN: 99938-624-2-8<\/p>\n<p>41. Milenkovi? Aleksandar, Jankovi? Dragan, Vu?kovi? Du\u0161an, Stankovi? Tatjana, &#8220;LabIS &#8211; Informacioni sistem biohemijskih laboratorija&#8221;, YU INFO 2010, Kopaonik, CD zbornik, ISBN: 978-86-85525-05<\/p>\n<p>42. Stankovi? Tatjana, Jankovi? Dragan, Rajkovi? Petar, &#8220;Comprehensive Data Reporting Approach in Healthcare Information Systems&#8221;, Third International Conference on Health Informatics HEALTHINF 2010, \u0160panija, Valensija, publikacija: Biostec 2010 Proceedings, p. 456 &#8211; 460, ISSN: 978-989-674-016-0<\/p>\n<p>43. Cvetkovi? Stevica, Jankovi? Dragan, Markovi? Ivica, &#8220;Komparativna analiza orm alata za primenu u medicinskim informacionim sistemima&#8221;, Nau?no-stru?ni simpozijum INFOTEH-JAHORINA 2010, Republika Srpska, Jahorina, vol. 9, p. 899 &#8211; 902, ISBN: 99938-624-2-8<\/p>\n<p>44. Pe\u0161i? Srebrenko, Stankovi? Tatjana, &#8220;IT podr\u0161ka kapitaciji&#8221;, Nau?no-stru?ni simpozijum INFOTEH-JAHORINA 2010, Republika Srpska, Jahorina, vol. 9, p. 904 &#8211; 908, ISBN: 99938-624-2-8<\/p>\n<p>45. Milenkovi? Aleksandar, Rajkovi? Petar, Jankovi? Dragan, &#8220;Modul za konfigurisanje korisni?kih privilegija u medicinskom informacionom sistemu&#8221;, Nau?no-stru?ni simpozijum INFOTEH-JAHORINA 2010, Republika Srpska, Jahorina, vol. 9, p. 894 &#8211; 998, ISBN: 99938-624-2-8<\/p>\n<p>46. Vu?kovi? Du\u0161an, Jankovi? Dragan, Milanovi? Katarina, Rajkovi? Petar, Milenkovi? Aleksandar, &#8220;Data Acquisition in Laboratory Information Systems&#8221;, First AMA-IEEE Medical Technology Conference on Individualized Healthcare, Washington DC, USA, nosilac: AMA, IEEE, urednici: Paolo Bonato, Harvard Medical School, p. 45 \u2013 46<\/p>\n<p>47. Jankovi?, D., Milo\u0161evi? T., Stankovi?, T., \u201eSoftverom potpomognuto planiranje i upravljanje u zdravstvenim ustanovama\u201c, XV International Scientific Symposium SM2010, Subotica, 2010, 55-56. <a title=\"www.ef.uns.ac.rs\/sm2010\" href=\"http:\/\/www.ef.uns.ac.rs\/sm2010\">www.ef.uns.ac.rs\/sm2010<\/a>. ISBN 978-86-7233-254-4.<\/p>\n<p>48. Aleksi? D., Jankovi? D., \u201cThe realization of the OO database in the specific CAD\/CAM applications\u201d, ICEST 2009, Veliko Trnovo, Bulgaria.<\/p>\n<p>49. Vu?kovi? D., Jankovi? D., \u201cUsability of virtual machines in Laboratory information systems\u201d, ICEST 2009, Veliko Trnovo, Bulgaria.<\/p>\n<p>50. Vu?kovi? D., Jovanovi? M., Jankovi? D., \u201cGuidelines for RADIUS wireless network user authentication in heterogeneous operating systems environments\u201d, 4th Balkan Conference in Informatics &#8211; BCI 2009, Thessaloniki, Greece, 2009.<\/p>\n<p>51. Aleksi? D., Jankovi? D., Stoimenov L., \u201eJedna realizacija mehanizma nasle?ivanja vrednosti atributa u OODB u specifi?nim CAD\/CAM primenama\u201c, 17. Telekomunikacioni forum TELFOR 2009, 24-26 novembar 2009, Beograd, D10.21.<\/p>\n<p>52. Macan S., Jankovi? D., Nogo S., Cvijanovi? ?, \u201eSoftware Engineering in Customer Relation Management- CRM\u201c, SEFICT 2009, Dubrovnik, Croatia.<\/p>\n<p>53. Stojiljkovi? I., Jankovi? D., \u201eDicomMEK: Program za arhiviranje medicinskih snimaka i integraciju u elektronski zdravstveni karton pacijenta\u201c, 17. Telekomunikacioni forum TELFOR 2009, 24-26 novembar 2009, Beograd, D10.8.<\/p>\n<p>54. Miji? D., Jankovi? D., \u201eAplikacija za anketiranje studenata kao deo softverske podr\u0161ke osiguranju kvaliteta na visoko\u0161kolskim ustanovama\u201c, 17. Telekomunikacioni forum TELFOR 2009, 24-26 novembar 2009, Beograd, D10.38.<\/p>\n<p>55. Vu?kovi? D., Jankovi? D., \u201cThe implementation of RADIUS authentication in public wireless networks\u201c, 54th International Scientific Colloquium IWK, 7-10 September 2009, Illmenau, Germany.<\/p>\n<p>56. Vu?kovi? D., Jankovi? D., Rajkovi? P., \u201cAdvanced techniques for user authentication in public wireless networks\u201d, 9th International Conference on Applied Electromagnetics &#8211; PES 2009, avgust 31 \u2013 septembar 2, 2009, Nis, O1_6.<\/p>\n<p>57. Miji?, D., Jankovi?, D., Krsti?, S., \u201eIntegracija aplikacije za anketiranje studenata sa univerzitetskim informacionim sistemom\u201c, INFOTEH, Jahorina, Vol. 9, ref E-4-5, p.640-644, 2010.<\/p>\n<p>58. Milo\u0161evi? V, \u017divkovi? M, ?uri? S, Vasi? D, Pekmezovi? T., Weekly variation of hospital admissions for stroke in Nis (Serbia). Clinical Neurology and Neurosurgery 2010, (prihva?eno za objavljivanje).<\/p>\n<p>59. ?juri? S, ?uri? V, \u017divkovi? M, Milo\u0161evi? V, Joli? M , Stamenovi? J, ?or?evi? G, Machado C. Are somatosensory evoked potentials of the tibial nerve the most sensitive test in diagnosing multiple sclerosis? Neurology India 2010, (prihva?eno za objavljivanje).<\/p>\n<p>60. Stojkovi? S., Jankovi? D., Stankovi? R.S., &#8220;An Improved Algorithm for Construction of Decision Diagrams by Rearranging and Partitioning of the Input Cube Set&#8221;, IEEE Transaction on Computers (prihva?eno za objavljivanje).<\/p>\n<p>61. Stankovic T., Pesic S., Jankovic D., Rajkovic P., &#8220;Platform Independant Database Replication Solution Applied to Medical Information System&#8221;, ADBIS 2010, published in Springer-Verlag LNCS 6295,ISBN 978-3-642-15575-8, pp. 587-590.<\/p>\n<p>62. Petar Rajkovic, Dragan Jankovic, Tatjana Stankovic, Vladimir Tosic: Software Tools for Rapid Development and Customization of Medical Information Systems, IEEE HealthCom 2010, Proceedings, ISBN 978-1-4244-6375-6\/10, pp. 119-126, Lyon, France<\/p>\n<p><a href=\"http:\/\/medisnet.elfak.ni.ac.rs\/node\/?q=node\/44\"><strong>Technical Solutions:<\/strong><\/a> A number of technical solutions has been planned on the project. In that porposes we have already realized some segments:<\/p>\n<p>1. &#8220;Medical Information System MEDIS.NET&#8221;,<br \/>\n2. &#8220;MEDIS.NET Dental \u2013 application for the dental service&#8221;,<br \/>\n3. &#8220;LabIS &#8211; Biochemical Laboratory Information System&#8221;,<br \/>\n4. &#8220;Module for billing of provided medical services &#8221;<br \/>\n5. &#8220;Neuro.NET&#8221; &#8211; application for Clinic of Neurology<br \/>\n6. &#8220;Recording and reviewing module for gynecological examinations&#8221;<br \/>\n7. &#8220;Module for radiology&#8221;<br \/>\n8. &#8220;Scheduling of medical examinations &#8211; Call center&#8221;<\/p>\n<\/div>\n","protected":false},"excerpt":{"rendered":"<p>References related to the project: 1. Tatjana Stankovi?, Milan Stankovi?, Dragan Jankovi?, \u201ePlatform Independant \u2013 Information System Dependant Database Replication\u201d, XLIII International Scientific Conference on Information, Communication and Energy Systems and Technologies ICEST, Ni\u0161 2008, s. 415-418. 2. Milan Pavlovi?, Neboj\u0161a Mileti?, Vesna Smiljkovi?, Dragan Jankovi?, \u201eIzbornik \u2013 softverski sistem za prikupljanje, obradu i prikaz&#8230;<\/p>\n","protected":false},"author":1,"featured_media":0,"parent":0,"menu_order":0,"comment_status":"open","ping_status":"open","template":"","meta":{"footnotes":""},"class_list":["post-20","page","type-page","status-publish","hentry","page--item"],"jetpack_sharing_enabled":true,"_links":{"self":[{"href":"https:\/\/medlabni.com\/index.php?rest_route=\/wp\/v2\/pages\/20"}],"collection":[{"href":"https:\/\/medlabni.com\/index.php?rest_route=\/wp\/v2\/pages"}],"about":[{"href":"https:\/\/medlabni.com\/index.php?rest_route=\/wp\/v2\/types\/page"}],"author":[{"embeddable":true,"href":"https:\/\/medlabni.com\/index.php?rest_route=\/wp\/v2\/users\/1"}],"replies":[{"embeddable":true,"href":"https:\/\/medlabni.com\/index.php?rest_route=%2Fwp%2Fv2%2Fcomments&post=20"}],"version-history":[{"count":1,"href":"https:\/\/medlabni.com\/index.php?rest_route=\/wp\/v2\/pages\/20\/revisions"}],"predecessor-version":[{"id":21,"href":"https:\/\/medlabni.com\/index.php?rest_route=\/wp\/v2\/pages\/20\/revisions\/21"}],"wp:attachment":[{"href":"https:\/\/medlabni.com\/index.php?rest_route=%2Fwp%2Fv2%2Fmedia&parent=20"}],"curies":[{"name":"wp","href":"https:\/\/api.w.org\/{rel}","templated":true}]}}