{"id":12618,"date":"2024-09-27T12:53:47","date_gmt":"2024-09-27T12:53:47","guid":{"rendered":"https:\/\/medlabni.com\/?page_id=12618"},"modified":"2024-09-27T13:11:38","modified_gmt":"2024-09-27T13:11:38","slug":"partners-clients","status":"publish","type":"page","link":"https:\/\/medlabni.com\/?page_id=12618","title":{"rendered":"Partners &amp; Clients"},"content":{"rendered":"\t\t<div data-elementor-type=\"wp-page\" data-elementor-id=\"12618\" class=\"elementor elementor-12618\">\n\t\t\t\t<div class=\"elementor-element elementor-element-614cea8a e-flex e-con-boxed e-con e-parent\" data-id=\"614cea8a\" data-element_type=\"container\" data-e-type=\"container\">\n\t\t\t\t\t<div class=\"e-con-inner\">\n\t\t\t\t<div class=\"elementor-element elementor-element-6e4df3af elementor-widget elementor-widget-text-editor\" data-id=\"6e4df3af\" data-element_type=\"widget\" data-e-type=\"widget\" data-widget_type=\"text-editor.default\">\n\t\t\t\t<div class=\"elementor-widget-container\">\n\t\t\t\t\t\t\t\t\t<h3>Our partners and clients<\/h3><p>Laboratory has more partners and clients.<\/p><p>\u00a0<\/p>\t\t\t\t\t\t\t\t<\/div>\n\t\t\t\t<\/div>\n\t\t\t\t<div class=\"elementor-element elementor-element-4499224 elementor-position-top elementor-widget elementor-widget-image-box\" data-id=\"4499224\" data-element_type=\"widget\" data-e-type=\"widget\" data-widget_type=\"image-box.default\">\n\t\t\t\t<div class=\"elementor-widget-container\">\n\t\t\t\t\t<div class=\"elementor-image-box-wrapper\"><figure class=\"elementor-image-box-img\"><img decoding=\"async\" width=\"191\" height=\"178\" src=\"https:\/\/medlabni.com\/wp-content\/uploads\/2024\/09\/DZ_Nis.png\" class=\"attachment-full size-full wp-image-12524\" alt=\"\" \/><\/figure><div class=\"elementor-image-box-content\"><h3 class=\"elementor-image-box-title\">Dom zdravlja Ni\u0161<\/h3><p class=\"elementor-image-box-description\">Dom zdravlja Ni\u0161 je na\u0161 dugogodi\u0161nji partner.<\/p><\/div><\/div>\t\t\t\t<\/div>\n\t\t\t\t<\/div>\n\t\t\t\t<div class=\"elementor-element elementor-element-1c5ae17 elementor-position-top elementor-widget elementor-widget-image-box\" data-id=\"1c5ae17\" data-element_type=\"widget\" data-e-type=\"widget\" data-widget_type=\"image-box.default\">\n\t\t\t\t<div class=\"elementor-widget-container\">\n\t\t\t\t\t<div class=\"elementor-image-box-wrapper\"><figure class=\"elementor-image-box-img\"><img decoding=\"async\" width=\"233\" height=\"117\" src=\"https:\/\/medlabni.com\/wp-content\/uploads\/2024\/09\/BATUT.png\" class=\"attachment-full size-full wp-image-12525\" alt=\"\" \/><\/figure><div class=\"elementor-image-box-content\"><h3 class=\"elementor-image-box-title\">Institut za javno zdravlje Srbije \"Dr Milan Jovanovi\u0107 Batut\"<\/h3><p class=\"elementor-image-box-description\">Dugogodi\u0161nji partner<\/p><\/div><\/div>\t\t\t\t<\/div>\n\t\t\t\t<\/div>\n\t\t\t\t<div class=\"elementor-element elementor-element-a7d7ca3 elementor-position-top elementor-widget elementor-widget-image-box\" data-id=\"a7d7ca3\" data-element_type=\"widget\" data-e-type=\"widget\" data-widget_type=\"image-box.default\">\n\t\t\t\t<div class=\"elementor-widget-container\">\n\t\t\t\t\t<div class=\"elementor-image-box-wrapper\"><figure class=\"elementor-image-box-img\"><img decoding=\"async\" width=\"199\" height=\"47\" src=\"https:\/\/medlabni.com\/wp-content\/uploads\/2024\/09\/MInistarstvoZdravlja.png\" class=\"attachment-full size-full wp-image-12526\" alt=\"\" \/><\/figure><div class=\"elementor-image-box-content\"><h3 class=\"elementor-image-box-title\">Ministarstvo zdravlja Republike Srbije<\/h3><p class=\"elementor-image-box-description\">Dugogodi\u0161nji partner<\/p><\/div><\/div>\t\t\t\t<\/div>\n\t\t\t\t<\/div>\n\t\t\t\t<div class=\"elementor-element elementor-element-4656b11 elementor-position-top elementor-widget elementor-widget-image-box\" data-id=\"4656b11\" data-element_type=\"widget\" data-e-type=\"widget\" data-widget_type=\"image-box.default\">\n\t\t\t\t<div class=\"elementor-widget-container\">\n\t\t\t\t\t<div class=\"elementor-image-box-wrapper\"><figure class=\"elementor-image-box-img\"><img loading=\"lazy\" decoding=\"async\" width=\"640\" height=\"155\" src=\"https:\/\/medlabni.com\/wp-content\/uploads\/2024\/09\/Medicinski-Fakultet-Nis.png\" class=\"attachment-full size-full wp-image-12529\" alt=\"\" srcset=\"https:\/\/medlabni.com\/wp-content\/uploads\/2024\/09\/Medicinski-Fakultet-Nis.png 640w, https:\/\/medlabni.com\/wp-content\/uploads\/2024\/09\/Medicinski-Fakultet-Nis-300x73.png 300w\" sizes=\"(max-width: 640px) 100vw, 640px\" \/><\/figure><div class=\"elementor-image-box-content\"><h3 class=\"elementor-image-box-title\">Medicinski fakultet u Ni\u0161u<\/h3><p class=\"elementor-image-box-description\">Dugogodi\u0161nji partner i klijent<\/p><\/div><\/div>\t\t\t\t<\/div>\n\t\t\t\t<\/div>\n\t\t\t\t<div class=\"elementor-element elementor-element-8af4bde elementor-position-top elementor-widget elementor-widget-image-box\" data-id=\"8af4bde\" data-element_type=\"widget\" data-e-type=\"widget\" data-widget_type=\"image-box.default\">\n\t\t\t\t<div class=\"elementor-widget-container\">\n\t\t\t\t\t<div class=\"elementor-image-box-wrapper\"><figure class=\"elementor-image-box-img\"><img loading=\"lazy\" decoding=\"async\" width=\"1169\" height=\"146\" src=\"https:\/\/medlabni.com\/wp-content\/uploads\/2024\/09\/RFZO.png\" class=\"attachment-full size-full wp-image-12530\" alt=\"\" srcset=\"https:\/\/medlabni.com\/wp-content\/uploads\/2024\/09\/RFZO.png 1169w, https:\/\/medlabni.com\/wp-content\/uploads\/2024\/09\/RFZO-300x37.png 300w, https:\/\/medlabni.com\/wp-content\/uploads\/2024\/09\/RFZO-1024x128.png 1024w, https:\/\/medlabni.com\/wp-content\/uploads\/2024\/09\/RFZO-768x96.png 768w\" sizes=\"(max-width: 1169px) 100vw, 1169px\" \/><\/figure><div class=\"elementor-image-box-content\"><h3 class=\"elementor-image-box-title\">Republi\u010dki fond za zdravstveno osiguranje<\/h3><p class=\"elementor-image-box-description\">Dugogodi\u0161nji partner<\/p><\/div><\/div>\t\t\t\t<\/div>\n\t\t\t\t<\/div>\n\t\t\t\t\t<\/div>\n\t\t\t\t<\/div>\n\t\t\t\t<\/div>\n\t\t","protected":false},"excerpt":{"rendered":"<p>Our partners and clients Laboratory has more partners and clients. \u00a0 Dom zdravlja Ni\u0161 Dom zdravlja Ni\u0161 je na\u0161 dugogodi\u0161nji partner. Institut za javno zdravlje Srbije &#8220;Dr Milan Jovanovi? Batut&#8221; Dugogodi\u0161nji partner Ministarstvo zdravlja Republike Srbije Dugogodi\u0161nji partner Medicinski fakultet u Ni\u0161u Dugogodi\u0161nji partner i klijent Republi?ki fond za zdravstveno osiguranje Dugogodi\u0161nji partner<\/p>\n","protected":false},"author":1001002,"featured_media":0,"parent":0,"menu_order":0,"comment_status":"closed","ping_status":"closed","template":"","meta":{"footnotes":""},"class_list":["post-12618","page","type-page","status-publish","hentry"],"jetpack_sharing_enabled":true,"_links":{"self":[{"href":"https:\/\/medlabni.com\/index.php?rest_route=\/wp\/v2\/pages\/12618"}],"collection":[{"href":"https:\/\/medlabni.com\/index.php?rest_route=\/wp\/v2\/pages"}],"about":[{"href":"https:\/\/medlabni.com\/index.php?rest_route=\/wp\/v2\/types\/page"}],"author":[{"embeddable":true,"href":"https:\/\/medlabni.com\/index.php?rest_route=\/wp\/v2\/users\/1001002"}],"replies":[{"embeddable":true,"href":"https:\/\/medlabni.com\/index.php?rest_route=%2Fwp%2Fv2%2Fcomments&post=12618"}],"version-history":[{"count":6,"href":"https:\/\/medlabni.com\/index.php?rest_route=\/wp\/v2\/pages\/12618\/revisions"}],"predecessor-version":[{"id":12626,"href":"https:\/\/medlabni.com\/index.php?rest_route=\/wp\/v2\/pages\/12618\/revisions\/12626"}],"wp:attachment":[{"href":"https:\/\/medlabni.com\/index.php?rest_route=%2Fwp%2Fv2%2Fmedia&parent=12618"}],"curies":[{"name":"wp","href":"https:\/\/api.w.org\/{rel}","templated":true}]}}